{"id":1027,"date":"2015-05-19T22:23:12","date_gmt":"2015-05-19T20:23:12","guid":{"rendered":"http:\/\/www.wagenschmied.at\/?page_id=1027"},"modified":"2018-01-14T14:56:51","modified_gmt":"2018-01-14T12:56:51","slug":"e-wurf","status":"publish","type":"page","link":"https:\/\/www.wagenschmied.at\/?page_id=1027","title":{"rendered":"&#8222;E&#8220; &#8211; Wurf"},"content":{"rendered":"<h1 class=\"entry-title\" style=\"font-size: 26px; line-height: 29px;\">Geworfen am 2. April 2015<br \/>\naus jagdlicher Zucht<br \/>\n1 H\u00fcndin braun\/wei\u00df<br \/>\n2 R\u00fcden &#8211; 2 H\u00fcndinnen braun\/wei\u00df mit Loh<br \/>\n1 R\u00fcde &#8211; 2 H\u00fcndinnen schwarz\/wei\u00df<br \/>\n1 R\u00fcde &#8211; 1 H\u00fcndin schwarz\/wei\u00df mit Loh<\/h1>\n<div align=\"center\"><a href=\"\/wp-content\/uploads\/2017\/07\/E_name_hp.jpg\"><img loading=\"lazy\" decoding=\"async\" src=\"\/wp-content\/uploads\/2017\/07\/E-klein_name.jpg\" alt=\"E-Wurf\" width=\"238\" height=\"355\"><\/a><\/div>\n<div class=\"menu-wurf\"><div class=\"menu-e-wurf-container\"><ul id=\"menu-e-wurf\" class=\"menu\"><li id=\"menu-item-1037\" class=\"menu-item menu-item-type-post_type menu-item-object-page menu-item-1037\"><a href=\"https:\/\/www.wagenschmied.at\/?page_id=1032\">Eltern<\/a><\/li>\n<li id=\"menu-item-1041\" class=\"menu-item menu-item-type-post_type menu-item-object-page menu-item-1041\"><a href=\"https:\/\/www.wagenschmied.at\/?page_id=1039\">Welpen<\/a><\/li>\n<li id=\"menu-item-1036\" class=\"menu-item menu-item-type-post_type menu-item-object-page menu-item-1036\"><a href=\"https:\/\/www.wagenschmied.at\/?page_id=1034\">Galerie<\/a><\/li>\n<\/ul><\/div><\/div>\n","protected":false},"excerpt":{"rendered":"<p>Geworfen am 2. April 2015 aus jagdlicher Zucht 1 H\u00fcndin braun\/wei\u00df 2 R\u00fcden &#8211; 2 H\u00fcndinnen braun\/wei\u00df mit Loh 1 R\u00fcde &#8211; 2 H\u00fcndinnen schwarz\/wei\u00df 1 R\u00fcde &#8211; 1 H\u00fcndin schwarz\/wei\u00df mit Loh<\/p>\n","protected":false},"author":1,"featured_media":0,"parent":0,"menu_order":0,"comment_status":"closed","ping_status":"closed","template":"","meta":{"ngg_post_thumbnail":0,"footnotes":""},"class_list":["post-1027","page","type-page","status-publish","hentry"],"jetpack_sharing_enabled":true,"_links":{"self":[{"href":"https:\/\/www.wagenschmied.at\/index.php?rest_route=\/wp\/v2\/pages\/1027","targetHints":{"allow":["GET"]}}],"collection":[{"href":"https:\/\/www.wagenschmied.at\/index.php?rest_route=\/wp\/v2\/pages"}],"about":[{"href":"https:\/\/www.wagenschmied.at\/index.php?rest_route=\/wp\/v2\/types\/page"}],"author":[{"embeddable":true,"href":"https:\/\/www.wagenschmied.at\/index.php?rest_route=\/wp\/v2\/users\/1"}],"replies":[{"embeddable":true,"href":"https:\/\/www.wagenschmied.at\/index.php?rest_route=%2Fwp%2Fv2%2Fcomments&post=1027"}],"version-history":[{"count":7,"href":"https:\/\/www.wagenschmied.at\/index.php?rest_route=\/wp\/v2\/pages\/1027\/revisions"}],"predecessor-version":[{"id":1353,"href":"https:\/\/www.wagenschmied.at\/index.php?rest_route=\/wp\/v2\/pages\/1027\/revisions\/1353"}],"wp:attachment":[{"href":"https:\/\/www.wagenschmied.at\/index.php?rest_route=%2Fwp%2Fv2%2Fmedia&parent=1027"}],"curies":[{"name":"wp","href":"https:\/\/api.w.org\/{rel}","templated":true}]}}