{"id":409,"date":"2012-03-25T10:33:37","date_gmt":"2012-03-25T09:33:37","guid":{"rendered":"http:\/\/alexander.halbarth.at\/wordpress\/?page_id=409"},"modified":"2019-11-10T17:43:34","modified_gmt":"2019-11-10T15:43:34","slug":"bonny","status":"publish","type":"page","link":"https:\/\/www.wagenschmied.at\/?page_id=409","title":{"rendered":"Bonny"},"content":{"rendered":"<p class=\"Stil2\" align=\"center\"><span class=\"Stil4\">Unsere H\u00fcndin<\/span><\/p>\n<div align=\"center\"><img loading=\"lazy\" decoding=\"async\" src=\"img\/bonny-kopf.gif\" alt=\"&quot;Bonny&quot;\" width=\"171\" height=\"200\"><\/div>\n<p>&nbsp;<\/p>\n<table border=\"0\" width=\"777\" cellpadding=\"0\" align=\"center\">\n<tbody>\n<tr>\n<td width=\"278\">\n<p class=\"Stil5\" align=\"center\">Bonny vom Wagenschmied<\/p>\n<p class=\"Stil2\" align=\"left\">geworfen: 26.04.2009<br \/>\nverstorben: 21.07.2019<br \/>\n<a href=\"https:\/\/www.wagenschmied.at\/wp-content\/uploads\/2012\/03\/ahnentafel-bonny-hp.pdf\">Ahnentafel<\/a><\/p>\n<p class=\"Stil2\">HD: A (frei)<br \/>\nFuco: N\/N (Eltern frei)<br \/>\ncord1-PRA: N\/N frei<\/p>\n<p class=\"Stil2\">Augenuntersuchung inkl. direkte Ophthalmoskopie, Gonioskopie<br \/>\nvom 14.09.2010 frei<\/p>\n<p class=\"Stil2\">&nbsp;<\/p>\n<p class=\"Stil2\">&nbsp;<\/p>\n<\/td>\n<td width=\"493\">\n<div align=\"center\">\n<p><span class=\"Stil5\"><strong>\u00d6sterr. Jugendchampion 2010<\/strong><\/span><\/p>\n<p><img loading=\"lazy\" decoding=\"async\" src=\"img\/bonny2010-4437a.jpg\" alt=\"\" width=\"268\" height=\"400\"><\/p>\n<\/div>\n<\/td>\n<\/tr>\n<\/tbody>\n<\/table>\n<p class=\"Stil2\">Bonny ist eine sehr aufmerksame und gelehrige H\u00fcndin. Etwas \u00fcberm\u00fctig und frech. Im jagdlichen Einsatz zeigt sie schon jetzt ihr K\u00f6nnen und apportiert gerne.<br \/>\nSie spielt mit Pluto und ist sehr liebevoll zu ihren kleinen Geschwistern.<br \/>\nBonny schwimmt sehr gerne und springt \u00fcberm\u00fctig ins Wasser.<\/p>\n<p class=\"Stil2\"><strong>Jagdliche Ausbildung:<br \/>\n<\/strong>22.08.2010 &#8211; Anlagenpr\u00fcfung &#8211; 2. Preis &#8211; 124 Punkte &#8211; Pr\u00fcfungsleiter: R. Taberhofer, Leistungsrichter: Ch. Kiefer<br \/>\n03.05.2013 &#8211; erweiterte Anlagenpr\u00fcfung &#8211; 3. Preis- 130 Punkte &#8211; Pr\u00fcfungsleiter: W. Moser, Leistungsrichteranw\u00e4rter: Dr. A. Gradwohl<br \/>\n02.11.2013 &#8211; Schwei\u00dferg\u00e4nzungspr\u00fcfung &#8211; UZ3 &#8211; Pr\u00fcfungsleiter: R.Taberhofer Leistungsrichteranw\u00e4rter: Dr. A. Gradwohl<\/p>\n<p class=\"Stil2\"><strong>Ausstellungen:<br \/>\n<\/strong> 04.10.2009 Klubschau Tulln &#8211; in der Babyklasse &#8211; versprechend &#8211; Richter:<\/p>\n<p>Dr. Janek Ludovit<br \/>\nRingtraining ist gefragt &#8211; sie ist sehr verspielt<br \/>\n06.03.2010 IHA Graz &#8211; Jugendklasse V1; JB &#8211; Richter: Karl P. Reisinger<br \/>\n07.03.2010 Klubschau Graz &#8211; Jugendklasse V1; JB &#8211; Richter:<\/p>\n<p>Rui Oliveira<br \/>\n12.06.2010 IHA Klagenfurt &#8211; Jugendklasse V1; JB &#8211; Richter: Davor Javor<\/p>\n<p>13.06.2010 IHA Klagenfurt &#8211; Jugendklasse V1; JB &#8211; Richter: Daila Rocchi<br \/>\nBonny hat die Anwartschaft auf den Jugendchampion erf\u00fcllt.<br \/>\n<strong>September 2010<\/strong> wurde Bonny vom \u00d6KV der <strong>\u00f6sterreichische Jugend-Champion<\/strong> verliehen.<br \/>\n25.09.2010 IHA Tulln &#8211; Gebrauchshundeklasse V2; Res. CACA &#8211; Richter: Carina \u00d6stmann<br \/>\n26.09.2010 Klubschau Tulln &#8211; Gebrauchshundeklasse V2; Res. CACA &#8211; Richter: Pichard Laurent<br \/>\n09.04.2011 IHA Wieselburg &#8211; Gebrauchshundeklasse V1; CACA; res. CACIB &#8211; Richterin Maria-Luise Doppelreiter<br \/>\n19.06.2011 IHA Klagenfurt &#8211; Gebrauchshundeklasse V1; CACA; CACIB &#8211; Richter Piljevic Dusko<\/p>\nngg_shortcode_0_placeholder\n","protected":false},"excerpt":{"rendered":"<p>Unsere H\u00fcndin &nbsp; Bonny vom Wagenschmied geworfen: 26.04.2009 verstorben: 21.07.2019 Ahnentafel HD: A (frei) Fuco: N\/N (Eltern frei) cord1-PRA: N\/N frei Augenuntersuchung inkl. direkte Ophthalmoskopie, Gonioskopie vom 14.09.2010 frei &nbsp; &nbsp; \u00d6sterr. Jugendchampion 2010 Bonny ist eine sehr aufmerksame und &hellip; <a href=\"https:\/\/www.wagenschmied.at\/?page_id=409\">Weiterlesen <span class=\"meta-nav\">&rarr;<\/span><\/a><\/p>\n","protected":false},"author":2,"featured_media":0,"parent":0,"menu_order":0,"comment_status":"closed","ping_status":"closed","template":"","meta":{"ngg_post_thumbnail":0,"footnotes":""},"class_list":["post-409","page","type-page","status-publish","hentry"],"jetpack_sharing_enabled":true,"_links":{"self":[{"href":"https:\/\/www.wagenschmied.at\/index.php?rest_route=\/wp\/v2\/pages\/409","targetHints":{"allow":["GET"]}}],"collection":[{"href":"https:\/\/www.wagenschmied.at\/index.php?rest_route=\/wp\/v2\/pages"}],"about":[{"href":"https:\/\/www.wagenschmied.at\/index.php?rest_route=\/wp\/v2\/types\/page"}],"author":[{"embeddable":true,"href":"https:\/\/www.wagenschmied.at\/index.php?rest_route=\/wp\/v2\/users\/2"}],"replies":[{"embeddable":true,"href":"https:\/\/www.wagenschmied.at\/index.php?rest_route=%2Fwp%2Fv2%2Fcomments&post=409"}],"version-history":[{"count":7,"href":"https:\/\/www.wagenschmied.at\/index.php?rest_route=\/wp\/v2\/pages\/409\/revisions"}],"predecessor-version":[{"id":1421,"href":"https:\/\/www.wagenschmied.at\/index.php?rest_route=\/wp\/v2\/pages\/409\/revisions\/1421"}],"wp:attachment":[{"href":"https:\/\/www.wagenschmied.at\/index.php?rest_route=%2Fwp%2Fv2%2Fmedia&parent=409"}],"curies":[{"name":"wp","href":"https:\/\/api.w.org\/{rel}","templated":true}]}}