{"id":7,"date":"2012-03-23T17:29:56","date_gmt":"2012-03-23T16:29:56","guid":{"rendered":"http:\/\/alexander.halbarth.at\/wordpress\/?page_id=7"},"modified":"2025-10-30T17:13:24","modified_gmt":"2025-10-30T15:13:24","slug":"home","status":"publish","type":"page","link":"https:\/\/www.wagenschmied.at\/","title":{"rendered":"News"},"content":{"rendered":"\n<p class=\"has-text-align-center has-large-font-size\"><\/p>\n\n\n\n<hr class=\"wp-block-separator has-alpha-channel-opacity\"\/>\n\n\n\n<figure class=\"wp-block-gallery aligncenter has-nested-images columns-default wp-block-gallery-1 is-layout-flex wp-block-gallery-is-layout-flex\">\n<figure class=\"wp-block-image size-medium is-style-rounded\"><img loading=\"lazy\" decoding=\"async\" width=\"300\" height=\"200\" data-id=\"2387\" src=\"https:\/\/www.wagenschmied.at\/wp-content\/uploads\/2021\/06\/LGS-294-300x200.png\" alt=\"Fletch - V1 CACA, LGS Knittelfeld\" class=\"wp-image-2387\" srcset=\"https:\/\/www.wagenschmied.at\/wp-content\/uploads\/2021\/06\/LGS-294-300x200.png 300w, https:\/\/www.wagenschmied.at\/wp-content\/uploads\/2021\/06\/LGS-294-1024x682.png 1024w, https:\/\/www.wagenschmied.at\/wp-content\/uploads\/2021\/06\/LGS-294-768x512.png 768w, https:\/\/www.wagenschmied.at\/wp-content\/uploads\/2021\/06\/LGS-294-450x300.png 450w, https:\/\/www.wagenschmied.at\/wp-content\/uploads\/2021\/06\/LGS-294.png 1280w\" sizes=\"auto, (max-width: 300px) 100vw, 300px\" \/><figcaption class=\"wp-element-caption\">Fletch &#8211; V1, CACA &#8211; LGS Knittelfeld<\/figcaption><\/figure>\n\n\n\n<figure class=\"wp-block-image size-large is-style-rounded\"><img loading=\"lazy\" decoding=\"async\" width=\"1024\" height=\"728\" data-id=\"2545\" src=\"https:\/\/www.wagenschmied.at\/wp-content\/uploads\/2022\/05\/IMG_20210820_132912828-1024x728.jpg\" alt=\"\" class=\"wp-image-2545\" srcset=\"https:\/\/www.wagenschmied.at\/wp-content\/uploads\/2022\/05\/IMG_20210820_132912828-1024x728.jpg 1024w, https:\/\/www.wagenschmied.at\/wp-content\/uploads\/2022\/05\/IMG_20210820_132912828-300x213.jpg 300w, https:\/\/www.wagenschmied.at\/wp-content\/uploads\/2022\/05\/IMG_20210820_132912828-768x546.jpg 768w, https:\/\/www.wagenschmied.at\/wp-content\/uploads\/2022\/05\/IMG_20210820_132912828-1536x1093.jpg 1536w, https:\/\/www.wagenschmied.at\/wp-content\/uploads\/2022\/05\/IMG_20210820_132912828-2048x1457.jpg 2048w, https:\/\/www.wagenschmied.at\/wp-content\/uploads\/2022\/05\/IMG_20210820_132912828-422x300.jpg 422w\" sizes=\"auto, (max-width: 1024px) 100vw, 1024px\" \/><figcaption class=\"wp-element-caption\">Aya und Gina unser Nachwuchs f\u00fcr die Zucht<\/figcaption><\/figure>\n\n\n\n<figure class=\"wp-block-image size-medium is-style-rounded\"><img loading=\"lazy\" decoding=\"async\" width=\"300\" height=\"225\" data-id=\"2222\" src=\"https:\/\/www.wagenschmied.at\/wp-content\/uploads\/2021\/01\/IMG_20201224_085450900-300x225.jpg\" alt=\"\" class=\"wp-image-2222\" srcset=\"https:\/\/www.wagenschmied.at\/wp-content\/uploads\/2021\/01\/IMG_20201224_085450900-300x225.jpg 300w, https:\/\/www.wagenschmied.at\/wp-content\/uploads\/2021\/01\/IMG_20201224_085450900-1024x768.jpg 1024w, https:\/\/www.wagenschmied.at\/wp-content\/uploads\/2021\/01\/IMG_20201224_085450900-768x576.jpg 768w, https:\/\/www.wagenschmied.at\/wp-content\/uploads\/2021\/01\/IMG_20201224_085450900-1536x1152.jpg 1536w, https:\/\/www.wagenschmied.at\/wp-content\/uploads\/2021\/01\/IMG_20201224_085450900-2048x1536.jpg 2048w, https:\/\/www.wagenschmied.at\/wp-content\/uploads\/2021\/01\/IMG_20201224_085450900-400x300.jpg 400w\" sizes=\"auto, (max-width: 300px) 100vw, 300px\" \/><figcaption class=\"wp-element-caption\">faulenzen<\/figcaption><\/figure>\n<\/figure>\n\n\n\n<hr class=\"wp-block-separator has-css-opacity\"\/>\n\n\n\n<p class=\"has-text-align-center has-medium-font-size\"><strong>\u00dcber Uns<\/strong><\/p>\n\n\n\n<p>Wir haben 2008 am Rande von Wien im 11. Bezirk eine Liebhaberzucht f\u00fcr English Springer Spaniel gegr\u00fcndet. <br>2018 sind wir nach Bruckneudorf (Bgl) \u00fcbersiedelt, hier habe wir einen sch\u00f6nen gro\u00dfen Garten.<\/p>\n\n\n\n<p>Da mein Vater eine Autowerkstatt betrieb, wuchs ich immer schon mit einem Haus- und Hofhund auf. Die Tradition des Hundehaltens f\u00fchrte ich auch weiter, nachdem ich die Firma meines Vaters \u00fcbernommen hatte. Einige Male holte ich mir einen Hund aus dem Tierheim, welche es mit immer dankten und sehr treue Begleiter wurden. Hannibal, ein Mischling aus einer Deutschdrahthaar-H\u00fcndin und (wahrscheinlich) einem Labrador, wurde unser erster Jagdhund. 1998 legten meine Frau Gabriele und ich die Jagdpr\u00fcfung ab und nahmen von da an unseren bereits f\u00fcnf Jahre alten Hund mit zur Jagd. Anfangs von den Jagdkollegen bel\u00e4chelt, wurde mein 55 kg Brocken schnell zu einem guten Apportierer und Nachsuchehund. Zu unserem gro\u00dfen Bedauern starb Hannibal 2005, so informierten wir uns \u00fcber neue m\u00f6gliche Jagdbegleiter. Dabei stie\u00dfen wir auf den Englischen Springer Spaniel, welcher als ruhiger und leichtf\u00fchriger Hund mit guten jagdlichen F\u00e4higkeiten gilt. Dies erschien uns sehr passend. So kam Holly im Dezember 2005, im Alter von 4 Monaten, aus der Zuchtst\u00e4tte &#8222;Pansgrove&#8220; von Frau Susan-Linda Meitzen zu uns nach Simmering. Da Holly eine so liebevolle und gute Begleiterin und fermer Jagdhund geworden ist, entschlossen wir uns einen Wurf zu planen. Wir w\u00e4hlten den Zwingernamen &#8222;Wagenschmied&#8220;, f\u00fchrten mit Holly die \u00e4rztlichen Untersuchungen durch und meldeten sie zur Zucht an. Nun war es an der Zeit, sich nach einem Deckr\u00fcden umzusehen. So stie\u00dfen wir auf einen jungen R\u00fcden namens Pluto, welcher aufgrund einer Allergie seiner Besitzer zur\u00fcckgenommen wurde. Seine treuherzigen Augen gingen uns nicht mehr aus dem Sinn. Deswegen entschlossen wir uns nach Polen zu fahren, um uns den jungen ungest\u00fcmen R\u00fcden anzusehen. Auf dieser Reise durfte Holly nat\u00fcrlich nicht fehlen. Da die beiden einander von Anfang an zugetan waren, mussten wir Pluto einfach mit nach Wien nehmen. Er lebte sich sehr rasch in unsere Familie ein. Unsere beiden Kinder und Hunde spielen sehr viel miteinander und Holly lehrte Pluto alles, was man wissen muss. Doch auch Holly \u00fcbernahm einige Unarten von Pluto \u2013 die beiden bildeten ein unzertrennliches Paar. <br>Ihren ersten Wurf bekamen Holly im Mai 2008 mit sechs Welpen. Aus dem sieben Welpen des \u201eB-Wurf\u201c mit Holly und Pluto blieb \u201eBonny\u201c beim Wagenschmied und erweiterte das Rudel seit April 2009. Der \u201eC-Wurf\u201c lie\u00df nicht lange auf sich warten \u2013 im November wurden Holly und Pluto erneut Eltern von sechs Welpen. Auch aus dem \u201eD-Wurf\u201c mit seches Welpen, welcher im April 2011 erfolgte, blieb eine H\u00fcndin \u2013 Dolly \u2013 dem Wagenschmied-Rudel erhalten. <br>Nun durfte sich Holly ein wenig zur Ruhe setzen: Dolly wurde im April 2015 Mutter des \u201eE-Wurfes\u201c. Auch aus diesem Wurf mit zehn Welpen blieb eine H\u00fcndin \u2013 Emely \u2013 beim Wagenschmied. Da Dolly \u00fcberraschend im August 2016 verstarb, wurde Emely unsere neue Zuchth\u00fcndin. Ihren ersten Wurf, &#8222;F-Wurf&#8220;, bekam sie im August 2017 mit 8 Welpen. Nun vervollst\u00e4ndigten Fanny und Fletch unser Rudel. <br>Leider mussten wir uns im Juli 2019 von Bonny, im J\u00e4nner 2020 von Pluto und im M\u00e4rz 2020 auch von unserer Holly verabschieden. Fanny brachte Anfang August 2020 f\u00fcnf gesunde Welpen, &#8222;G-Wurf&#8220;, von Latin zur Welt. Ende Oktober 2020 kam &#8222;Up and Away de los Tres Robles&#8220; aus Spanien von Elena zu uns. Emely warf im Dezember 2020 zwei gesunde Welpen von Luk (&#8222;H-Wurf&#8220;). Seit Sommer 2021 geh\u00f6rt Gina auch wieder zu unserem Rudel. Im Februar 2022 gab es f\u00fcr Aya und Gina die HD-R\u00f6ntgen, Augenuntersuchung und Gentest f\u00fcr die Zuchtzulassung, beide habe die Test sehr gut bestanden und bekamen eine unbefristete Zuchtzulassung. Auch Emely und Fletch haben eine Augenuntersuchung wieder mit gutem Befund bestanden.<br>Im Mai warf Fanny 8 gesunden Welpen von &#8222;Spenser&#8220; Buddy z Lesnej Gromandy,&nbsp;der I-Wurf wurde am 06. Mai 2022 geworfen. <br>Am 03. M\u00e4rz 2024 machten wir eine Wurfwiederholung mit Fanny und Spencer, es kamen 4 Welpen zu Welt. Nach unserem 10. Wurf, J-Wurf vom 03.03.2024, erhielten wir vom \u00d6KV die bronzene Z\u00fcchternadel verliehen.<br>Am 29. April 2025 machten wir nochmals eine Wurfwiederholung mit Fanny und Spencer diemal waren es 3 R\u00fcden.<br><\/p>\n\n\n\n<p class=\"has-text-align-center\"><strong>Unser Zuchtziel:<\/strong><br>Gesunde, liebenswerte und wesensfeste Hunde zu z\u00fcchten,<br>die den Rassestandard des Englischen Springer Spaniels entsprechen,<br>welche als universeller Jagdhund und als Familienhund hervorragend geeignet sind.<\/p>\n\n\n\n<p>&nbsp;Unsere Welpen haben einen Auslauf im Garten und sehr viel Kontakt mit Menschen. Sie werden tier\u00e4rztlich untersucht, alle vorgeschriebenen Impfungen durchgef\u00fchrt, entwurmt und gechippt. Sie werden im Alter von 10 bis 12 Wochen abgegeben.<\/p>\n\n\n\n<div class=\"wp-block-media-text alignwide is-stacked-on-mobile\" style=\"grid-template-columns:38% auto\"><figure class=\"wp-block-media-text__media\"><img loading=\"lazy\" decoding=\"async\" width=\"768\" height=\"1024\" src=\"https:\/\/www.wagenschmied.at\/wp-content\/uploads\/2024\/05\/IMG_20240514_124955318-768x1024.jpg\" alt=\"\" class=\"wp-image-2906 size-full\" srcset=\"https:\/\/www.wagenschmied.at\/wp-content\/uploads\/2024\/05\/IMG_20240514_124955318-768x1024.jpg 768w, https:\/\/www.wagenschmied.at\/wp-content\/uploads\/2024\/05\/IMG_20240514_124955318-225x300.jpg 225w, https:\/\/www.wagenschmied.at\/wp-content\/uploads\/2024\/05\/IMG_20240514_124955318-1152x1536.jpg 1152w, https:\/\/www.wagenschmied.at\/wp-content\/uploads\/2024\/05\/IMG_20240514_124955318-1536x2048.jpg 1536w, https:\/\/www.wagenschmied.at\/wp-content\/uploads\/2024\/05\/IMG_20240514_124955318-scaled.jpg 1920w\" sizes=\"auto, (max-width: 768px) 100vw, 768px\" \/><\/figure><div class=\"wp-block-media-text__content\">\n<p class=\"has-text-align-center has-large-font-size\"><strong>15 Jahre Zuchtst\u00e4tte <\/strong><br>&#8222;vom Wagenschmied&#8220;<br>2008 &#8211; 2023<br>29.04.2024 &#8211; Z\u00fcchternadel in Bronze vom \u00d6KV<\/p>\n<\/div><\/div>\n\n\n\n<hr class=\"wp-block-separator has-css-opacity\"\/>\n\n\n\n<figure class=\"wp-block-gallery aligncenter has-nested-images columns-3 is-cropped wp-block-gallery-2 is-layout-flex wp-block-gallery-is-layout-flex\">\n<figure class=\"wp-block-image size-thumbnail is-style-rounded\"><a href=\"https:\/\/www.wagenschmied.at\/wp-content\/uploads\/2023\/07\/IMG_20230715_153342564_HDR-scaled.jpg\"><img loading=\"lazy\" decoding=\"async\" width=\"150\" height=\"150\" data-id=\"2762\" src=\"https:\/\/www.wagenschmied.at\/wp-content\/uploads\/2023\/07\/IMG_20230715_153342564_HDR-150x150.jpg\" alt=\"\" class=\"wp-image-2762\"\/><\/a><figcaption class=\"wp-element-caption\">Fletch, Gina, Emely, Aya, Fanny<\/figcaption><\/figure>\n\n\n\n<figure class=\"wp-block-image size-large is-style-rounded\"><a href=\"https:\/\/www.wagenschmied.at\/wp-content\/uploads\/2022\/05\/AyaGina-2021-08-20-scaled.jpg\"><img loading=\"lazy\" decoding=\"async\" width=\"768\" height=\"1024\" data-id=\"2539\" src=\"https:\/\/www.wagenschmied.at\/wp-content\/uploads\/2022\/05\/AyaGina-2021-08-20-768x1024.jpg\" alt=\"\" class=\"wp-image-2539\" srcset=\"https:\/\/www.wagenschmied.at\/wp-content\/uploads\/2022\/05\/AyaGina-2021-08-20-768x1024.jpg 768w, https:\/\/www.wagenschmied.at\/wp-content\/uploads\/2022\/05\/AyaGina-2021-08-20-225x300.jpg 225w, https:\/\/www.wagenschmied.at\/wp-content\/uploads\/2022\/05\/AyaGina-2021-08-20-1152x1536.jpg 1152w, https:\/\/www.wagenschmied.at\/wp-content\/uploads\/2022\/05\/AyaGina-2021-08-20-1536x2048.jpg 1536w, https:\/\/www.wagenschmied.at\/wp-content\/uploads\/2022\/05\/AyaGina-2021-08-20-scaled.jpg 1920w\" sizes=\"auto, (max-width: 768px) 100vw, 768px\" \/><\/a><figcaption class=\"wp-element-caption\">Up and Away &#8222;Aya&#8220; und Gina<\/figcaption><\/figure>\n\n\n\n<figure class=\"wp-block-image size-thumbnail is-style-rounded\"><a href=\"https:\/\/www.wagenschmied.at\/wp-content\/uploads\/2022\/05\/IMG_20211220_140231831-2-scaled.jpg\"><img loading=\"lazy\" decoding=\"async\" width=\"768\" height=\"1024\" data-id=\"2543\" src=\"https:\/\/www.wagenschmied.at\/wp-content\/uploads\/2022\/05\/IMG_20211220_140231831-2-768x1024.jpg\" alt=\"\" class=\"wp-image-2543\" srcset=\"https:\/\/www.wagenschmied.at\/wp-content\/uploads\/2022\/05\/IMG_20211220_140231831-2-768x1024.jpg 768w, https:\/\/www.wagenschmied.at\/wp-content\/uploads\/2022\/05\/IMG_20211220_140231831-2-225x300.jpg 225w, https:\/\/www.wagenschmied.at\/wp-content\/uploads\/2022\/05\/IMG_20211220_140231831-2-1152x1536.jpg 1152w, https:\/\/www.wagenschmied.at\/wp-content\/uploads\/2022\/05\/IMG_20211220_140231831-2-1536x2048.jpg 1536w, https:\/\/www.wagenschmied.at\/wp-content\/uploads\/2022\/05\/IMG_20211220_140231831-2-scaled.jpg 1920w\" sizes=\"auto, (max-width: 768px) 100vw, 768px\" \/><\/a><figcaption class=\"wp-element-caption\">Gina, Aya, Fanny<\/figcaption><\/figure>\n\n\n\n<figure class=\"wp-block-image size-thumbnail is-style-rounded\"><a href=\"https:\/\/www.wagenschmied.at\/wp-content\/uploads\/2020\/07\/Fanny-und-Emely-2020-scaled.jpg\"><img loading=\"lazy\" decoding=\"async\" width=\"150\" height=\"150\" data-id=\"1878\" src=\"https:\/\/www.wagenschmied.at\/wp-content\/uploads\/2020\/07\/Fanny-und-Emely-2020-150x150.jpg\" alt=\"\" class=\"wp-image-1878\"\/><\/a><figcaption class=\"wp-element-caption\">Fanny und Emely<\/figcaption><\/figure>\n\n\n\n<figure class=\"wp-block-image size-thumbnail is-style-rounded\"><a href=\"https:\/\/www.wagenschmied.at\/wp-content\/uploads\/2020\/07\/Emely-Fletch-Fanny-2020-scaled.jpg\"><img loading=\"lazy\" decoding=\"async\" width=\"150\" height=\"150\" data-id=\"1877\" src=\"https:\/\/www.wagenschmied.at\/wp-content\/uploads\/2020\/07\/Emely-Fletch-Fanny-2020-150x150.jpg\" alt=\"\" class=\"wp-image-1877\"\/><\/a><figcaption class=\"wp-element-caption\">Emely, Fletch, Fanny<\/figcaption><\/figure>\n\n\n\n<figure class=\"wp-block-image size-thumbnail is-style-rounded\"><a href=\"https:\/\/www.wagenschmied.at\/wp-content\/uploads\/2020\/02\/IMG_20190602_174407076_HDR-scaled.jpg\"><img loading=\"lazy\" decoding=\"async\" width=\"150\" height=\"150\" data-id=\"1730\" src=\"https:\/\/www.wagenschmied.at\/wp-content\/uploads\/2020\/02\/IMG_20190602_174407076_HDR-150x150.jpg\" alt=\"\" class=\"wp-image-1730\"\/><\/a><figcaption class=\"wp-element-caption\">Fletch, Fanny, Emely suchen Schatten<\/figcaption><\/figure>\n<\/figure>\n\n\n\n<hr class=\"wp-block-separator has-css-opacity\"\/>\n\n\n\n<figure class=\"wp-block-gallery aligncenter has-nested-images columns-3 is-cropped wp-block-gallery-3 is-layout-flex wp-block-gallery-is-layout-flex\">\n<figure class=\"wp-block-image size-large is-style-rounded\"><a href=\"https:\/\/www.wagenschmied.at\/wp-content\/uploads\/2020\/02\/IMG_20190422_100339543_HDR-scaled.jpg\"><img loading=\"lazy\" decoding=\"async\" width=\"768\" height=\"1024\" data-id=\"1734\" src=\"https:\/\/www.wagenschmied.at\/wp-content\/uploads\/2020\/02\/IMG_20190422_100339543_HDR-768x1024.jpg\" alt=\"\" class=\"wp-image-1734\" srcset=\"https:\/\/www.wagenschmied.at\/wp-content\/uploads\/2020\/02\/IMG_20190422_100339543_HDR-768x1024.jpg 768w, https:\/\/www.wagenschmied.at\/wp-content\/uploads\/2020\/02\/IMG_20190422_100339543_HDR-225x300.jpg 225w, https:\/\/www.wagenschmied.at\/wp-content\/uploads\/2020\/02\/IMG_20190422_100339543_HDR-1152x1536.jpg 1152w, https:\/\/www.wagenschmied.at\/wp-content\/uploads\/2020\/02\/IMG_20190422_100339543_HDR-1536x2048.jpg 1536w, https:\/\/www.wagenschmied.at\/wp-content\/uploads\/2020\/02\/IMG_20190422_100339543_HDR-scaled.jpg 1920w\" sizes=\"auto, (max-width: 768px) 100vw, 768px\" \/><\/a><figcaption class=\"wp-element-caption\">Fletch, Fanny und Emely im Garten &#8211; Herrli schmei\u00df!<\/figcaption><\/figure>\n\n\n\n<figure class=\"wp-block-image size-large is-style-rounded\"><a href=\"https:\/\/www.wagenschmied.at\/wp-content\/uploads\/2020\/02\/IMG_20190217_113225896-scaled.jpg\"><img loading=\"lazy\" decoding=\"async\" width=\"1024\" height=\"768\" data-id=\"1733\" src=\"https:\/\/www.wagenschmied.at\/wp-content\/uploads\/2020\/02\/IMG_20190217_113225896-1024x768.jpg\" alt=\"\" class=\"wp-image-1733\" srcset=\"https:\/\/www.wagenschmied.at\/wp-content\/uploads\/2020\/02\/IMG_20190217_113225896-1024x768.jpg 1024w, https:\/\/www.wagenschmied.at\/wp-content\/uploads\/2020\/02\/IMG_20190217_113225896-300x225.jpg 300w, https:\/\/www.wagenschmied.at\/wp-content\/uploads\/2020\/02\/IMG_20190217_113225896-768x576.jpg 768w, https:\/\/www.wagenschmied.at\/wp-content\/uploads\/2020\/02\/IMG_20190217_113225896-1536x1152.jpg 1536w, https:\/\/www.wagenschmied.at\/wp-content\/uploads\/2020\/02\/IMG_20190217_113225896-2048x1536.jpg 2048w, https:\/\/www.wagenschmied.at\/wp-content\/uploads\/2020\/02\/IMG_20190217_113225896-400x300.jpg 400w\" sizes=\"auto, (max-width: 1024px) 100vw, 1024px\" \/><\/a><figcaption class=\"wp-element-caption\">Fanny und Fletch mit Arnie<\/figcaption><\/figure>\n\n\n\n<figure class=\"wp-block-image size-large is-style-rounded\"><a href=\"https:\/\/www.wagenschmied.at\/wp-content\/uploads\/2020\/01\/IMG_20190505_084727078-scaled.jpg\"><img loading=\"lazy\" decoding=\"async\" width=\"768\" height=\"1024\" data-id=\"1471\" src=\"https:\/\/www.wagenschmied.at\/wp-content\/uploads\/2020\/01\/IMG_20190505_084727078-768x1024.jpg\" alt=\"\" class=\"wp-image-1471\" srcset=\"https:\/\/www.wagenschmied.at\/wp-content\/uploads\/2020\/01\/IMG_20190505_084727078-768x1024.jpg 768w, https:\/\/www.wagenschmied.at\/wp-content\/uploads\/2020\/01\/IMG_20190505_084727078-225x300.jpg 225w, https:\/\/www.wagenschmied.at\/wp-content\/uploads\/2020\/01\/IMG_20190505_084727078-1152x1536.jpg 1152w, https:\/\/www.wagenschmied.at\/wp-content\/uploads\/2020\/01\/IMG_20190505_084727078-1536x2048.jpg 1536w, https:\/\/www.wagenschmied.at\/wp-content\/uploads\/2020\/01\/IMG_20190505_084727078-scaled.jpg 1920w\" sizes=\"auto, (max-width: 768px) 100vw, 768px\" \/><\/a><figcaption class=\"wp-element-caption\">Emely, Pluto, Bonny, Fanny, Fletch und Holly warten auf ihr Leckerli<\/figcaption><\/figure>\n\n\n\n<figure class=\"wp-block-image size-large is-style-rounded\"><a href=\"https:\/\/www.wagenschmied.at\/wp-content\/uploads\/2012\/03\/wagenschmied_20170527_121758034.jpg\"><img loading=\"lazy\" decoding=\"async\" width=\"1024\" height=\"576\" data-id=\"1175\" src=\"https:\/\/www.wagenschmied.at\/wp-content\/uploads\/2012\/03\/wagenschmied_20170527_121758034-1024x576.jpg\" alt=\"\" class=\"wp-image-1175\" srcset=\"https:\/\/www.wagenschmied.at\/wp-content\/uploads\/2012\/03\/wagenschmied_20170527_121758034-1024x576.jpg 1024w, https:\/\/www.wagenschmied.at\/wp-content\/uploads\/2012\/03\/wagenschmied_20170527_121758034-300x169.jpg 300w, https:\/\/www.wagenschmied.at\/wp-content\/uploads\/2012\/03\/wagenschmied_20170527_121758034-768x432.jpg 768w, https:\/\/www.wagenschmied.at\/wp-content\/uploads\/2012\/03\/wagenschmied_20170527_121758034-500x281.jpg 500w\" sizes=\"auto, (max-width: 1024px) 100vw, 1024px\" \/><\/a><figcaption class=\"wp-element-caption\">Holly, Bonny, Pluto, Emely<\/figcaption><\/figure>\n\n\n\n<figure class=\"wp-block-image size-large is-style-rounded\"><a href=\"https:\/\/www.wagenschmied.at\/wp-content\/uploads\/2020\/01\/DSC03749.jpg\"><img loading=\"lazy\" decoding=\"async\" width=\"300\" height=\"204\" data-id=\"1455\" src=\"https:\/\/www.wagenschmied.at\/wp-content\/uploads\/2020\/01\/DSC03749.jpg\" alt=\"\" class=\"wp-image-1455\"\/><\/a><figcaption class=\"wp-element-caption\">Gem\u00fctliches Zuhause, einfach nur faul sein<\/figcaption><\/figure>\n\n\n\n<figure class=\"wp-block-image size-large is-style-rounded\"><a href=\"https:\/\/www.wagenschmied.at\/wp-content\/uploads\/2020\/01\/hp-liebe.jpg\"><img loading=\"lazy\" decoding=\"async\" width=\"300\" height=\"224\" data-id=\"1459\" src=\"https:\/\/www.wagenschmied.at\/wp-content\/uploads\/2020\/01\/hp-liebe.jpg\" alt=\"\" class=\"wp-image-1459\"\/><\/a><figcaption class=\"wp-element-caption\">Holly und Pluto \u2013 Liebe auf den ersten Blick<\/figcaption><\/figure>\n\n\n\n<figure class=\"wp-block-image size-large is-style-rounded\"><a href=\"https:\/\/www.wagenschmied.at\/wp-content\/uploads\/2020\/01\/hp4.jpg\"><img loading=\"lazy\" decoding=\"async\" width=\"300\" height=\"222\" data-id=\"1456\" src=\"https:\/\/www.wagenschmied.at\/wp-content\/uploads\/2020\/01\/hp4.jpg\" alt=\"\" class=\"wp-image-1456\"\/><\/a><figcaption class=\"wp-element-caption\">Die fahrbare Hundeh\u00fctte<\/figcaption><\/figure>\n\n\n\n<figure class=\"wp-block-image size-large is-style-rounded\"><a href=\"https:\/\/www.wagenschmied.at\/wp-content\/uploads\/2020\/01\/hp-schwimmen.jpg\"><img loading=\"lazy\" decoding=\"async\" width=\"300\" height=\"222\" data-id=\"1460\" src=\"https:\/\/www.wagenschmied.at\/wp-content\/uploads\/2020\/01\/hp-schwimmen.jpg\" alt=\"\" class=\"wp-image-1460\"\/><\/a><figcaption class=\"wp-element-caption\">Schwimmunterricht in der Donau<\/figcaption><\/figure>\n\n\n\n<figure class=\"wp-block-image size-large is-style-rounded\"><a href=\"https:\/\/www.wagenschmied.at\/wp-content\/uploads\/2020\/01\/hp-laufen.jpg\"><img loading=\"lazy\" decoding=\"async\" width=\"300\" height=\"222\" data-id=\"1458\" src=\"https:\/\/www.wagenschmied.at\/wp-content\/uploads\/2020\/01\/hp-laufen.jpg\" alt=\"\" class=\"wp-image-1458\"\/><\/a><figcaption class=\"wp-element-caption\">Pluto ist der schnellere L\u00e4ufer<\/figcaption><\/figure>\n<\/figure>\n","protected":false},"excerpt":{"rendered":"<p>\u00dcber Uns Wir haben 2008 am Rande von Wien im 11. Bezirk eine Liebhaberzucht f\u00fcr English Springer Spaniel gegr\u00fcndet. 2018 sind wir nach Bruckneudorf (Bgl) \u00fcbersiedelt, hier habe wir einen sch\u00f6nen gro\u00dfen Garten. Da mein Vater eine Autowerkstatt betrieb, wuchs &hellip; <a href=\"https:\/\/www.wagenschmied.at\/\">Weiterlesen <span class=\"meta-nav\">&rarr;<\/span><\/a><\/p>\n","protected":false},"author":1,"featured_media":0,"parent":0,"menu_order":0,"comment_status":"closed","ping_status":"closed","template":"","meta":{"ngg_post_thumbnail":0,"footnotes":""},"class_list":["post-7","page","type-page","status-publish","hentry"],"jetpack_sharing_enabled":true,"_links":{"self":[{"href":"https:\/\/www.wagenschmied.at\/index.php?rest_route=\/wp\/v2\/pages\/7","targetHints":{"allow":["GET"]}}],"collection":[{"href":"https:\/\/www.wagenschmied.at\/index.php?rest_route=\/wp\/v2\/pages"}],"about":[{"href":"https:\/\/www.wagenschmied.at\/index.php?rest_route=\/wp\/v2\/types\/page"}],"author":[{"embeddable":true,"href":"https:\/\/www.wagenschmied.at\/index.php?rest_route=\/wp\/v2\/users\/1"}],"replies":[{"embeddable":true,"href":"https:\/\/www.wagenschmied.at\/index.php?rest_route=%2Fwp%2Fv2%2Fcomments&post=7"}],"version-history":[{"count":151,"href":"https:\/\/www.wagenschmied.at\/index.php?rest_route=\/wp\/v2\/pages\/7\/revisions"}],"predecessor-version":[{"id":3127,"href":"https:\/\/www.wagenschmied.at\/index.php?rest_route=\/wp\/v2\/pages\/7\/revisions\/3127"}],"wp:attachment":[{"href":"https:\/\/www.wagenschmied.at\/index.php?rest_route=%2Fwp%2Fv2%2Fmedia&parent=7"}],"curies":[{"name":"wp","href":"https:\/\/api.w.org\/{rel}","templated":true}]}}